{"id":23259,"date":"2019-12-06T13:21:12","date_gmt":"2019-12-06T11:21:12","guid":{"rendered":"https:\/\/produsebiodegradabile.ro\/?post_type=product&#038;p=23259"},"modified":"2021-04-01T09:12:51","modified_gmt":"2021-04-01T07:12:51","slug":"punga-biodegradabila-3002x90-x-600-mm","status":"publish","type":"product","link":"https:\/\/produsebiodegradabile.ro\/?product=punga-biodegradabila-3002x90-x-600-mm","title":{"rendered":"Pung\u0103 Biodegradabil\u0103"},"content":{"rendered":"<p style=\"font-weight: 400;\">Pungile noastre sunt certificate \u0219i respect\u0103 directivele\u00a0<b><strong>EN13432<\/strong><\/b>. De asemenea, respect\u0103 \u0219i prevederile legii nr. 87\/2018 privind modalitatea de gestionare a ambalajelor \u0219i a de\u0219eurilor de ambalaje, fiind o alternativ\u0103\u00a0sustenabil\u0103 pentru pungile din plastic.<\/p>\n<p style=\"font-weight: 400;\">Pungile noastre sunt 100% biodegradabile \u0219i compostabile iar \u00een procesul de produc\u021bie au emisii de carbon cu 75% mai sc\u0103zute fa\u021b\u0103 de cele din plastic.<\/p>\n<p>Specificatii<\/p>\n<ul style=\"font-weight: 400;\">\n<li>Sunt certificate\u00a0100% biodegradabile \u0219i compostabile de\u00a0<b><strong>TUV-Austria<\/strong><\/b>.<\/li>\n<li>Dimensiuni disponibile:\n<ul style=\"font-weight: 400;\">\n<li><b><strong>Mic\u0103 &#8211; 200+(60&#215;60)x400 mm<\/strong><\/b><\/li>\n<li><b><strong>Medie &#8211; 270+(70&#215;70)x450 mm<\/strong><\/b><\/li>\n<li><b><strong>Mare &#8211; 300+(90&#215;90)x600 mm<\/strong><\/b><\/li>\n<\/ul>\n<\/li>\n<li>Ambalajul con\u0163ine\u00a0<b><strong>50 pungi\u00a0<\/strong><\/b><\/li>\n<li><b><strong>Un bax<\/strong><\/b>\u00a0con\u021bine\u00a0<b><strong>1000 pungi<\/strong><\/b>\u00a0dispuse \u00een\u00a0<b><strong>20 pachete<\/strong><\/b>\u00a0a c\u00e2te\u00a0<b><strong>50 pungi \/ pachet<\/strong><\/b><\/li>\n<li>\u00cen conformitate cu\u00a0<b><strong>EN 13432<\/strong><\/b><\/li>\n<li>Durata de via\u021b\u0103\u00a0<b><strong>p\u00e2n\u0103 la 12 luni<\/strong><\/b><\/li>\n<li>Biodegradarea \u00een centre de compostare comercial\u0103:<b><strong>\u00a030 de zile<\/strong><\/b><\/li>\n<li>Condi\u021bii de p\u0103strare: evita\u021bi expunerea direct\u0103 la soare \u0219i temperaturile<b><strong>\u00a0mai mari de 35\u00b0C.<\/strong><\/b><\/li>\n<\/ul>\n","protected":false},"excerpt":{"rendered":"<div class=\"col-12 col-sm-12 pprice text-center text-sm-left only_desktop aos-init aos-animate\" data-aos=\"fade-up-right\">\n<h4 class=\"text-normal\">Set de 50 buc\u0103\u0163i<\/h4>\n<\/div>\n<div class=\"col-12 product-description only_desktop aos-init aos-animate\" data-aos=\"flip-up\">\n<div class=\"inner-short-description\">\n<p>Cu un design rom\u00e2nesc de Evelin Bundur, pungile noastre verzi provin din surse regenerabile. Sunt \u00een intregime biodegradabile \u0219i compostabile \u0219i sunt disponibile \u00een 2 m\u0103rimi cu rezisten\u021b\u0103 de p\u00e2n\u0103 la 4, respectiv 7 kg.<\/p>\n<ul>\n<li>50 buc.\/set<\/li>\n<li>1000 buc.\/bax<\/li>\n<\/ul>\n<\/div>\n<\/div>\n","protected":false},"featured_media":23603,"template":"","meta":{"spay_email":""},"class_list":{"0":"post-23259","1":"product","2":"type-product","3":"status-publish","4":"has-post-thumbnail","6":"product_cat-pungi-bio","8":"first","9":"instock","10":"sale","11":"taxable","12":"shipping-taxable","13":"purchasable","14":"product-type-variable","15":"has-default-attributes"},"_links":{"self":[{"href":"https:\/\/produsebiodegradabile.ro\/index.php?rest_route=\/wp\/v2\/product\/23259","targetHints":{"allow":["GET"]}}],"collection":[{"href":"https:\/\/produsebiodegradabile.ro\/index.php?rest_route=\/wp\/v2\/product"}],"about":[{"href":"https:\/\/produsebiodegradabile.ro\/index.php?rest_route=\/wp\/v2\/types\/product"}],"version-history":[{"count":4,"href":"https:\/\/produsebiodegradabile.ro\/index.php?rest_route=\/wp\/v2\/product\/23259\/revisions"}],"predecessor-version":[{"id":24047,"href":"https:\/\/produsebiodegradabile.ro\/index.php?rest_route=\/wp\/v2\/product\/23259\/revisions\/24047"}],"wp:featuredmedia":[{"embeddable":true,"href":"https:\/\/produsebiodegradabile.ro\/index.php?rest_route=\/wp\/v2\/media\/23603"}],"wp:attachment":[{"href":"https:\/\/produsebiodegradabile.ro\/index.php?rest_route=%2Fwp%2Fv2%2Fmedia&parent=23259"}],"curies":[{"name":"wp","href":"https:\/\/api.w.org\/{rel}","templated":true}]}}